{"id":189,"date":"2021-05-10T19:30:20","date_gmt":"2021-05-10T22:30:20","guid":{"rendered":"https:\/\/impulsionecomunicacao.com.br\/abf\/?page_id=189"},"modified":"2021-07-02T10:48:16","modified_gmt":"2021-07-02T13:48:16","slug":"projetos","status":"publish","type":"page","link":"https:\/\/impulsionecomunicacao.com.br\/abf\/projetos\/","title":{"rendered":"projetos"},"content":{"rendered":"\t<section class=\"section dark\" id=\"section_1685773981\">\n\t\t<div class=\"bg section-bg fill bg-fill  \" >\n\n\t\t\t\n\t\t\t<div class=\"section-bg-overlay absolute fill\"><\/div>\n\t\t\t\n\n\t\t<\/div>\n\n\t\t<div class=\"section-content relative\">\n\t\t\t\n<div class=\"row align-center\"  id=\"row-186860826\">\n\n\t<div id=\"col-320363384\" class=\"col medium-7 small-12 large-5\"  >\n\t\t<div class=\"col-inner\"  >\n\t\t\t\n\t\t\t\n\t<div id=\"text-1840434066\" class=\"text\">\n\t\t\n<h1 class=\"uppercase\">Projetos<\/h1>\n\t\t\n<style>\n#text-1840434066 {\n  text-align: center;\n}\n<\/style>\n\t<\/div>\n\t\n<div class=\"text-center\"><div class=\"is-divider divider clearfix\" style=\"margin-top:0px;margin-bottom:0px;max-width:100px;height:5px;background-color:rgb(147, 199, 229);\"><\/div><\/div>\n\t\t<\/div>\n\t\t\n<style>\n#col-320363384 > .col-inner {\n  padding: 29px 0px 0px 0px;\n}\n<\/style>\n\t<\/div>\n\n\t\n<\/div>\n\t\t<\/div>\n\n\t\t\n<style>\n#section_1685773981 {\n  padding-top: 0px;\n  padding-bottom: 0px;\n  min-height: 120px;\n}\n#section_1685773981 .section-bg-overlay {\n  background-color: rgba(38, 53, 70, 0.849);\n}\n#section_1685773981 .section-bg.bg-loaded {\n  background-image: url(https:\/\/impulsionecomunicacao.com.br\/abf\/wp-content\/uploads\/2021\/05\/FS-background-01.png);\n}\n@media (min-width:550px) {\n  #section_1685773981 {\n    min-height: 135px;\n  }\n}\n<\/style>\n\t<\/section>\n\t\n\t<div id=\"gap-1704012341\" class=\"gap-element clearfix\" style=\"display:block; height:auto;\">\n\t\t\n<style>\n#gap-1704012341 {\n  padding-top: 30px;\n}\n<\/style>\n\t<\/div>\n\t\n<div class=\"row row-collapse align-center\"  id=\"row-178839557\">\n\n\t<div id=\"col-1790648080\" class=\"col small-12 large-12\"  >\n\t\t<div class=\"col-inner\"  >\n\t\t\t\n\t\t\t\n<h5 class=\"uppercase\">Projeto Acolhendo Vidas:<\/h5>\n<p>Consiste em aproximar os familiares, orientar, divulgar, acompanhar, contribuir para a continua\u00e7\u00e3o do tratamento, socializar e conhecer melhor a realidade socioecon\u00f4mica, familiar e cultural dos usu\u00e1rios, para que sejam encaminhados \u00e0s pol\u00edticas p\u00fablicas, onde haja uma minimiza\u00e7\u00e3o e\/ou resolu\u00e7\u00e3o da problem\u00e1tica constatada.<\/p>\n<p>&#8211; Esclarecimento, apoio e orienta\u00e7\u00e3o das fam\u00edlias no pr\u00e9 e p\u00f3s-operat\u00f3rio.<\/p>\n<p>&#8211; Registrar fotograficamente as etapas do tratamento.<br \/>\n&#8211; Doa\u00e7\u00e3o de materiais de higiene pessoal, e produtos aliment\u00edcios.<br \/>\n&#8211; Promo\u00e7\u00e3o de encontros, palestras e eventos.<br \/>\n&#8211; Visita domiciliar.<\/p>\n\t\t<\/div>\n\t\t\n<style>\n#col-1790648080 > .col-inner {\n  padding: 10px 10px 10px 10px;\n}\n<\/style>\n\t<\/div>\n\n\t\n\n\t<div id=\"col-1546279524\" class=\"col small-12 large-12\"  >\n\t\t<div class=\"col-inner\"  >\n\t\t\t\n\t\t\t\n<h5 class=\"uppercase\">Projeto Semeando o Amanh\u00e3 e 10- Servi\u00e7o de Inser\u00e7\u00e3o no Mercado de Trabalho:<\/h5>\n<p>Proporcionar a jovens e adultos que nasceram com deformidades craniofaciais e fissura labiopalatina, o apoio necess\u00e1rio \u00e0 capacita\u00e7\u00e3o e encaminhamentos para o mercado de trabalho, com o foco na prepara\u00e7\u00e3o dos pacientes para que eles cres\u00e7am profissionalmente, de acordo com a habilidade que cada possa apresentar.<\/p>\n\t\t<\/div>\n\t\t\n<style>\n#col-1546279524 > .col-inner {\n  padding: 10px 10px 10px 10px;\n}\n<\/style>\n\t<\/div>\n\n\t\n<\/div>\n<div class=\"row row-collapse\"  id=\"row-1000747642\">\n\n\t<div id=\"col-336640576\" class=\"col small-12 large-12\"  >\n\t\t<div class=\"col-inner\"  >\n\t\t\t\n\t\t\t\n<h5 class=\"uppercase\">Projeto Coral Beija Flor:<\/h5>\n<p>Oferece aos pacientes aulas de canto e atrav\u00e9s da musicoterapia eles aprendem a utilizar a voz e cuidar dela como meio de express\u00e3o e comunica\u00e7\u00e3o musical. Procura desenvolver o cognitivo\/ling\u00fc\u00edstico.<\/p>\n\t\t<\/div>\n\t\t\n<style>\n#col-336640576 > .col-inner {\n  padding: 10px 10px 10px 10px;\n}\n<\/style>\n\t<\/div>\n\n\t\n\n\t<div id=\"col-486636637\" class=\"col small-12 large-12\"  >\n\t\t<div class=\"col-inner\"  >\n\t\t\t\n\t\t\t\n<h5 class=\"uppercase\">Projeto Semana do Paciente Fissurado:<\/h5>\n<p>Durante uma semana a iniciativa busca atrair a aten\u00e7\u00e3o de toda a sociedade para a import\u00e2ncia do tratamento de deformidades craniofaciais, conscientizando familiares, gestores p\u00fablico, entre outros. O evento acontece desde 2013, sempre na segunda semana do m\u00eas de agosto e tem no seu cerne a discuss\u00e3o de termos relevantes \u00e0 realidade social, econ\u00f4mica e de reabilita\u00e7\u00e3o desse p\u00fablico ora mencionado. Encontros, palestras, apresenta\u00e7\u00f5es e v\u00e1rias outras a\u00e7\u00f5es acontecem nesse per\u00edodo.<\/p>\n\t\t<\/div>\n\t\t\n<style>\n#col-486636637 > .col-inner {\n  padding: 10px 10px 10px 10px;\n}\n<\/style>\n\t<\/div>\n\n\t\n\n\t<div id=\"col-2073663710\" class=\"col small-12 large-12\"  >\n\t\t<div class=\"col-inner\"  >\n\t\t\t\n\t\t\t\n<h5 class=\"uppercase\">Projeto E.A.P. (Equipe de Apoio Perinatal):<\/h5>\n<p>Teve in\u00edcio em 2013 e consiste no acolhimento, orienta\u00e7\u00e3o, apoio e suporte psicol\u00f3gico, social e cl\u00ednico aos pais durante a gesta\u00e7\u00e3o e no nascimento de beb\u00eas com deformidade craniofacial e fissura labiopalatina.<\/p>\n\t\t<\/div>\n\t\t\n<style>\n#col-2073663710 > .col-inner {\n  padding: 10px 10px 10px 10px;\n}\n<\/style>\n\t<\/div>\n\n\t\n\n\t<div id=\"col-929937793\" class=\"col small-12 large-12\"  >\n\t\t<div class=\"col-inner\"  >\n\t\t\t\n\t\t\t\n<h5 class=\"uppercase\">Projeto de Artesanato &#8211; Descobrindo Talentos:<\/h5>\n<p>Busca incentivar, apoiar e ensinar o p\u00fablico-alvo, como membros das fam\u00edlias de pacientes, ao aprendizado de uma atividade sustent\u00e1vel. Desenvolvendo assim a iniciativa empreendedora de auto-sustenta\u00e7\u00e3o. O Projeto de artesanato prev\u00ea o desenvolvimento de potencialidades, a promo\u00e7\u00e3o da sociabilidade e, acima de tudo, o aprendizado de uma atividade que possa gerar trabalho e renda.<\/p>\n\t\t<\/div>\n\t\t\n<style>\n#col-929937793 > .col-inner {\n  padding: 10px 10px 10px 10px;\n}\n<\/style>\n\t<\/div>\n\n\t\n\n\t<div id=\"col-2058057470\" class=\"col small-12 large-12\"  >\n\t\t<div class=\"col-inner\"  >\n\t\t\t\n\t\t\t\n<h5 class=\"uppercase\">Projeto FUNFACE- (Centro de Reabilita\u00e7\u00e3o de Deformidades Faciais do Cear\u00e1- Parceria com a SmileTrain):<\/h5>\n<p>Busca incentivar, apoiar e ensinar o p\u00fablico-alvo, como membros das fam\u00edlias de pacientes, ao aprendizado de uma atividade sustent\u00e1vel. Desenvolvendo assim a iniciativa empreendedora de auto-sustenta\u00e7\u00e3o. O Projeto de artesanato prev\u00ea o desenvolvimento de potencialidades, a promo\u00e7\u00e3o da sociabilidade e, acima de tudo, o aprendizado de uma atividade que possa gerar trabalho e renda.<\/p>\n\t\t<\/div>\n\t\t\n<style>\n#col-2058057470 > .col-inner {\n  padding: 10px 10px 10px 10px;\n}\n<\/style>\n\t<\/div>\n\n\t\n\n\t<div id=\"col-1708738742\" class=\"col small-12 large-12\"  >\n\t\t<div class=\"col-inner\"  >\n\t\t\t\n\t\t\t\n<h5 class=\"uppercase\">Projeto Liga Acad\u00eamica Cranio Face:<\/h5>\n<p>Selecionamosacad\u00eamicos, dos cursos de odontologia, fonoaudiologia e medicina, por meio de avalia\u00e7\u00e3o curr\u00edcular e entrevista, os quais desejam adquirir conhecimentos com rela\u00e7\u00e3o a deformidades craniofaciais. No decorrer das atividades, s\u00e3o realizadas aulas de laborat\u00f3rio, encontros e palestradesenvolvidas pelos alunos e orientadores.<\/p>\n\t\t<\/div>\n\t\t\n<style>\n#col-1708738742 > .col-inner {\n  padding: 10px 10px 10px 10px;\n}\n<\/style>\n\t<\/div>\n\n\t\n\n\t<div id=\"col-301056004\" class=\"col small-12 large-12\"  >\n\t\t<div class=\"col-inner\"  >\n\t\t\t\n\t\t\t\n<h5 class=\"uppercase\">Projeto Fellow em Fissura Labiopalatina:<\/h5>\n<p>Busca atrair profissionais da \u00e1rea da sa\u00fade, os quais tenham interesse em adquirir e\/ou aperfei\u00e7oar conhecimentos com profissionais especializados em fissura labiopalatina e deformidades craniofaciais.<\/p>\n\t\t<\/div>\n\t\t\n<style>\n#col-301056004 > .col-inner {\n  padding: 10px 10px 10px 10px;\n}\n<\/style>\n\t<\/div>\n\n\t\n<\/div>\n\t<div id=\"gap-1013259429\" class=\"gap-element clearfix\" style=\"display:block; height:auto;\">\n\t\t\n<style>\n#gap-1013259429 {\n  padding-top: 30px;\n}\n<\/style>\n\t<\/div>\n\t\n<div class=\"row row-collapse row-full-width\"  id=\"row-1671657447\">\n\n\t<div id=\"col-1267508368\" class=\"col medium-3 small-6 large-3\"  >\n\t\t<div class=\"col-inner\"  >\n\t\t\t\n\t\t\t\n\n  <div class=\"banner has-hover\" id=\"banner-365200617\">\n          <div class=\"banner-inner fill\">\n        <div class=\"banner-bg fill\" >\n            <div class=\"bg fill bg-fill \"><\/div>\n                                    \n                    <\/div>\n        <div class=\"banner-layers container\">\n            <div class=\"fill banner-link\"><\/div>            \n        <\/div>\n      <\/div>\n\n            \n<style>\n#banner-365200617 {\n  padding-top: 196px;\n}\n#banner-365200617 .bg.bg-loaded {\n  background-image: url(https:\/\/impulsionecomunicacao.com.br\/abf\/wp-content\/uploads\/2021\/05\/IMG_1666-1200x800.jpeg);\n}\n@media (min-width:550px) {\n  #banner-365200617 {\n    padding-top: 300px;\n  }\n}\n<\/style>\n  <\/div>\n\n\n\t\t<\/div>\n\t\t\t<\/div>\n\n\t\n\n\t<div id=\"col-1036926117\" class=\"col medium-3 small-6 large-3\"  >\n\t\t<div class=\"col-inner\"  >\n\t\t\t\n\t\t\t\n\n  <div class=\"banner has-hover\" id=\"banner-944288665\">\n          <div class=\"banner-inner fill\">\n        <div class=\"banner-bg fill\" >\n            <div class=\"bg fill bg-fill \"><\/div>\n                                    \n                    <\/div>\n        <div class=\"banner-layers container\">\n            <div class=\"fill banner-link\"><\/div>            \n        <\/div>\n      <\/div>\n\n            \n<style>\n#banner-944288665 {\n  padding-top: 196px;\n}\n#banner-944288665 .bg.bg-loaded {\n  background-image: url(https:\/\/impulsionecomunicacao.com.br\/abf\/wp-content\/uploads\/2021\/05\/IMG_1564-1200x800.jpeg);\n}\n@media (min-width:550px) {\n  #banner-944288665 {\n    padding-top: 300px;\n  }\n}\n<\/style>\n  <\/div>\n\n\n\t\t<\/div>\n\t\t\t<\/div>\n\n\t\n\n\t<div id=\"col-1472025576\" class=\"col medium-3 small-6 large-3\"  >\n\t\t<div class=\"col-inner\"  >\n\t\t\t\n\t\t\t\n\n  <div class=\"banner has-hover\" id=\"banner-536161405\">\n          <div class=\"banner-inner fill\">\n        <div class=\"banner-bg fill\" >\n            <div class=\"bg fill bg-fill \"><\/div>\n                                    \n                    <\/div>\n        <div class=\"banner-layers container\">\n            <div class=\"fill banner-link\"><\/div>            \n        <\/div>\n      <\/div>\n\n            \n<style>\n#banner-536161405 {\n  padding-top: 196px;\n}\n#banner-536161405 .bg.bg-loaded {\n  background-image: url(https:\/\/impulsionecomunicacao.com.br\/abf\/wp-content\/uploads\/2021\/05\/IMG_1673-1200x800.jpeg);\n}\n@media (min-width:550px) {\n  #banner-536161405 {\n    padding-top: 300px;\n  }\n}\n<\/style>\n  <\/div>\n\n\n\t\t<\/div>\n\t\t\t<\/div>\n\n\t\n\n\t<div id=\"col-589165548\" class=\"col medium-3 small-6 large-3\"  >\n\t\t<div class=\"col-inner\"  >\n\t\t\t\n\t\t\t\n\n  <div class=\"banner has-hover\" id=\"banner-234545094\">\n          <div class=\"banner-inner fill\">\n        <div class=\"banner-bg fill\" >\n            <div class=\"bg fill bg-fill \"><\/div>\n                                    \n                    <\/div>\n        <div class=\"banner-layers container\">\n            <div class=\"fill banner-link\"><\/div>            \n        <\/div>\n      <\/div>\n\n            \n<style>\n#banner-234545094 {\n  padding-top: 196px;\n}\n#banner-234545094 .bg.bg-loaded {\n  background-image: url(https:\/\/impulsionecomunicacao.com.br\/abf\/wp-content\/uploads\/2021\/05\/IMG_1648-1-1200x800.jpeg);\n}\n@media (min-width:550px) {\n  #banner-234545094 {\n    padding-top: 300px;\n  }\n}\n<\/style>\n  <\/div>\n\n\n\t\t<\/div>\n\t\t\t<\/div>\n\n\t\n<\/div>\n\t<section class=\"section\" id=\"section_2048862099\">\n\t\t<div class=\"bg section-bg fill bg-fill  bg-loaded\" >\n\n\t\t\t\n\t\t\t\n\t\t\t\n\n\t\t<\/div>\n\n\t\t<div class=\"section-content relative\">\n\t\t\t\n<div class=\"row row-collapse align-center\"  id=\"row-2075585224\">\n\n\t<div id=\"col-37593781\" class=\"col medium-11 small-11 large-12\"  >\n\t\t<div class=\"col-inner box-shadow-2\" style=\"background-color:rgb(255,255,255);\" >\n\t\t\t\n\t\t\t\n<div class=\"row row-collapse row-solid\"  id=\"row-3022762\">\n\n\t<div id=\"col-1801421589\" class=\"col custom-footer-cta-border-left medium-12 small-12 large-4\"  >\n\t\t<div class=\"col-inner text-left\"  >\n\t\t\t\n\t\t\t\n\n\t\t<div class=\"icon-box featured-box icon-box-center text-center\"  >\n\t\t\t\t\t<div class=\"icon-box-img\" style=\"width: 60px\">\n\t\t\t\t<div class=\"icon\">\n\t\t\t\t\t<div class=\"icon-inner\" >\n\t\t\t\t\t\t<img width=\"400\" height=\"400\" src=\"https:\/\/impulsionecomunicacao.com.br\/abf\/wp-content\/uploads\/2021\/05\/next-location-copy-400x400.png\" class=\"attachment-medium size-medium\" alt=\"\" loading=\"lazy\" srcset=\"https:\/\/impulsionecomunicacao.com.br\/abf\/wp-content\/uploads\/2021\/05\/next-location-copy-400x400.png 400w, https:\/\/impulsionecomunicacao.com.br\/abf\/wp-content\/uploads\/2021\/05\/next-location-copy-280x280.png 280w, https:\/\/impulsionecomunicacao.com.br\/abf\/wp-content\/uploads\/2021\/05\/next-location-copy.png 452w\" sizes=\"(max-width: 400px) 100vw, 400px\" \/>\t\t\t\t\t<\/div>\n\t\t\t\t<\/div>\n\t\t\t<\/div>\n\t\t\t\t<div class=\"icon-box-text last-reset\">\n\t\t\t\t\t\t\t\t\t\n<h3>ONDE ESTAMOS<\/h3>\n<p>Av. Alberto Craveiro, 2222 &#8211; Dias Macedo, Fortaleza &#8211; CE, 60861-212<\/p>\n\t\t<\/div>\n\t<\/div>\n\t\n\t\n\t\t<\/div>\n\t\t\n<style>\n#col-1801421589 > .col-inner {\n  padding: 40px 40px 40px 40px;\n}\n<\/style>\n\t<\/div>\n\n\t\n\n\t<div id=\"col-1893024602\" class=\"col custom-footer-cta-border-right medium-12 small-12 large-4\"  >\n\t\t<div class=\"col-inner text-left\"  >\n\t\t\t\n\t\t\t\n\n\t\t<div class=\"icon-box featured-box icon-box-center text-center\"  >\n\t\t\t\t\t<div class=\"icon-box-img\" style=\"width: 60px\">\n\t\t\t\t<div class=\"icon\">\n\t\t\t\t\t<div class=\"icon-inner\" >\n\t\t\t\t\t\t<img width=\"240\" height=\"240\" src=\"https:\/\/impulsionecomunicacao.com.br\/abf\/wp-content\/uploads\/2021\/05\/whatsapp-line.png\" class=\"attachment-medium size-medium\" alt=\"\" loading=\"lazy\" \/>\t\t\t\t\t<\/div>\n\t\t\t\t<\/div>\n\t\t\t<\/div>\n\t\t\t\t<div class=\"icon-box-text last-reset\">\n\t\t\t\t\t\t\t\t\t\n<h3>FALE CONOSCO<\/h3>\n<p style=\"text-align: left;\">Clique no bot\u00e3o abaixo e entre em contato.<\/p>\n<a href=\"https:\/\/api.whatsapp.com\/send\/?phone=5585986851317&#038;text&#038;app_absent=0\" target=\"_self\" class=\"button primary is-outline is-small\"  style=\"border-radius:99px;\">\n    <span>(85) 98685.1317<\/span>\n  <i class=\"icon-phone\" ><\/i><\/a>\n\n\t\t<\/div>\n\t<\/div>\n\t\n\t\n\t\t<\/div>\n\t\t\n<style>\n#col-1893024602 > .col-inner {\n  padding: 40px 40px 40px 40px;\n}\n<\/style>\n\t<\/div>\n\n\t\n\n\t<div id=\"col-740764891\" class=\"col custom-footer-cta-border-right medium-12 small-12 large-4\"  >\n\t\t<div class=\"col-inner text-left\"  >\n\t\t\t\n\t\t\t\n\n\t\t<div class=\"icon-box featured-box icon-box-center text-center\"  >\n\t\t\t\t\t<div class=\"icon-box-img\" style=\"width: 93px\">\n\t\t\t\t<div class=\"icon\">\n\t\t\t\t\t<div class=\"icon-inner\" >\n\t\t\t\t\t\t<img width=\"240\" height=\"240\" src=\"https:\/\/impulsionecomunicacao.com.br\/abf\/wp-content\/uploads\/2021\/07\/social-icon.png\" class=\"attachment-medium size-medium\" alt=\"\" loading=\"lazy\" \/>\t\t\t\t\t<\/div>\n\t\t\t\t<\/div>\n\t\t\t<\/div>\n\t\t\t\t<div class=\"icon-box-text last-reset\">\n\t\t\t\t\t\t\t\t\t\n<h3>CONECTE-SE<\/h3>\n\t\t<\/div>\n\t<\/div>\n\t\n\t\n<div class=\"social-icons follow-icons full-width text-center\" ><a href=\"https:\/\/www.facebook.com\/AssociacaoBeijaFlor\" target=\"_blank\" data-label=\"Facebook\"  rel=\"noopener noreferrer nofollow\" class=\"icon primary button circle facebook tooltip\" title=\"Follow on Facebook\"><i class=\"icon-facebook\" ><\/i><\/a><a href=\"https:\/\/www.instagram.com\/associacaobeijaflor\/?hl=pt-br\" target=\"_blank\" rel=\"noopener noreferrer nofollow\" data-label=\"Instagram\" class=\"icon primary button circle  instagram tooltip\" title=\"Follow on Instagram\"><i class=\"icon-instagram\" ><\/i><\/a><a href=\"mailto:funface@associacaobeijaflor.org\" data-label=\"E-mail\"  rel=\"nofollow\" class=\"icon primary button circle  email tooltip\" title=\"Envie-nos um email\"><i class=\"icon-envelop\" ><\/i><\/a><a href=\"tel:(85) 3088-3900\" target=\"_blank\"  data-label=\"Phone\"  rel=\"noopener noreferrer nofollow\" class=\"icon primary button circle  phone tooltip\" title=\"Call us\"><i class=\"icon-phone\" ><\/i><\/a><a href=\"https:\/\/www.youtube.com\/user\/AssociacaoBeijaFlor\" target=\"_blank\" rel=\"noopener noreferrer nofollow\" data-label=\"YouTube\" class=\"icon primary button circle  youtube tooltip\" title=\"Follow on YouTube\"><i class=\"icon-youtube\" ><\/i><\/a><\/div>\n\t\t<\/div>\n\t\t\n<style>\n#col-740764891 > .col-inner {\n  padding: 40px 40px 40px 40px;\n}\n<\/style>\n\t<\/div>\n\n\t\n<\/div>\n\t\t<\/div>\n\t\t\n<style>\n#col-37593781 > .col-inner {\n  margin: -60px 0px 0px 0px;\n  border-radius: 10px;\n}\n<\/style>\n\t<\/div>\n\n\t\n<\/div>\n<div class=\"row\"  id=\"row-76570422\">\n\n\t<div id=\"col-299041445\" class=\"col small-12 large-12\"  >\n\t\t<div class=\"col-inner dark\"  >\n\t\t\t\n\t\t\t\n<div class=\"row row-collapse align-middle align-center\"  id=\"row-1090428221\">\n\n\t<div id=\"col-1195136944\" class=\"col medium-12 small-12 large-10 medium-col-first\"  >\n\t\t<div class=\"col-inner text-center\"  >\n\t\t\t\n\t\t\t\n<a href=\"https:\/\/impulsionecomunicacao.com.br\/abf\/\" target=\"_self\" class=\"button white is-link is-small\"  >\n    <span>Home<\/span>\n  <\/a>\n\n<a href=\"https:\/\/impulsionecomunicacao.com.br\/abf\/sobre-2\/\" target=\"_self\" class=\"button white is-link is-small\"  >\n    <span>quem somos<\/span>\n  <\/a>\n\n<a class=\"button white is-link is-small\"  >\n    <span>quero doar<\/span>\n  <\/a>\n\n<a href=\"https:\/\/impulsionecomunicacao.com.br\/abf\/transparencia\/\" target=\"_self\" class=\"button white is-link is-small\"  >\n    <span>transpar\u00eancia<\/span>\n  <\/a>\n\n<a href=\"https:\/\/impulsionecomunicacao.com.br\/abf\/parceiros\/\" target=\"_self\" class=\"button white is-link is-small\"  >\n    <span>parceiros<\/span>\n  <\/a>\n\n<a href=\"https:\/\/impulsionecomunicacao.com.br\/abf\/hospital\/\" target=\"_self\" class=\"button white is-link is-small\"  >\n    <span>hospital<\/span>\n  <\/a>\n\n<a href=\"https:\/\/impulsionecomunicacao.com.br\/abf\/contato\/\" target=\"_self\" class=\"button white is-link is-small\"  >\n    <span>contato<\/span>\n  <\/a>\n\n\t\t<\/div>\n\t\t\t<\/div>\n\n\t\n<\/div>\n\t\t<\/div>\n\t\t\n<style>\n#col-299041445 > .col-inner {\n  padding: 30px 0px 0px 0px;\n}\n<\/style>\n\t<\/div>\n\n\t\n<\/div>\n\t\t<\/div>\n\n\t\t\n<style>\n#section_2048862099 {\n  padding-top: 30px;\n  padding-bottom: 30px;\n  background-color: #263546;\n}\n<\/style>\n\t<\/section>\n\t\n","protected":false},"excerpt":{"rendered":"","protected":false},"author":1,"featured_media":0,"parent":0,"menu_order":0,"comment_status":"closed","ping_status":"closed","template":"page-blank.php","meta":[],"_links":{"self":[{"href":"https:\/\/impulsionecomunicacao.com.br\/abf\/wp-json\/wp\/v2\/pages\/189"}],"collection":[{"href":"https:\/\/impulsionecomunicacao.com.br\/abf\/wp-json\/wp\/v2\/pages"}],"about":[{"href":"https:\/\/impulsionecomunicacao.com.br\/abf\/wp-json\/wp\/v2\/types\/page"}],"author":[{"embeddable":true,"href":"https:\/\/impulsionecomunicacao.com.br\/abf\/wp-json\/wp\/v2\/users\/1"}],"replies":[{"embeddable":true,"href":"https:\/\/impulsionecomunicacao.com.br\/abf\/wp-json\/wp\/v2\/comments?post=189"}],"version-history":[{"count":9,"href":"https:\/\/impulsionecomunicacao.com.br\/abf\/wp-json\/wp\/v2\/pages\/189\/revisions"}],"predecessor-version":[{"id":361,"href":"https:\/\/impulsionecomunicacao.com.br\/abf\/wp-json\/wp\/v2\/pages\/189\/revisions\/361"}],"wp:attachment":[{"href":"https:\/\/impulsionecomunicacao.com.br\/abf\/wp-json\/wp\/v2\/media?parent=189"}],"curies":[{"name":"wp","href":"https:\/\/api.w.org\/{rel}","templated":true}]}}